


{"id":8,"date":"2022-08-16T01:57:35","date_gmt":"2022-08-15T23:57:35","guid":{"rendered":"http:\/\/sodablastsystems.sk\/?page_id=8"},"modified":"2022-08-16T17:53:03","modified_gmt":"2022-08-16T15:53:03","slug":"strona-glowna","status":"publish","type":"page","link":"https:\/\/sodablastsystems.sk\/","title":{"rendered":"Strona G\u0142\u00f3wna"},"content":{"rendered":"\n<div class=\"wp-block-contact-form-7-contact-form-selector\">\n<div class=\"wpcf7 no-js\" id=\"wpcf7-f13-o1\" lang=\"pl-PL\" dir=\"ltr\" data-wpcf7-id=\"13\">\n<div class=\"screen-reader-response\"><p role=\"status\" aria-live=\"polite\" aria-atomic=\"true\"><\/p> <ul><\/ul><\/div>\n<form action=\"\/index.php?rest_route=%2Fwp%2Fv2%2Fpages%2F8#wpcf7-f13-o1\" method=\"post\" class=\"wpcf7-form init vxcf_live_form\" aria-label=\"Formularz kontaktowy\" novalidate=\"novalidate\" data-status=\"init\">\n<fieldset class=\"hidden-fields-container\"><input type=\"hidden\" name=\"_wpcf7\" value=\"13\" \/><input type=\"hidden\" name=\"_wpcf7_version\" value=\"6.1.5\" \/><input type=\"hidden\" name=\"_wpcf7_locale\" value=\"pl_PL\" \/><input type=\"hidden\" name=\"_wpcf7_unit_tag\" value=\"wpcf7-f13-o1\" \/><input type=\"hidden\" name=\"_wpcf7_container_post\" value=\"0\" \/><input type=\"hidden\" name=\"_wpcf7_posted_data_hash\" value=\"\" \/>\n<\/fieldset>\n<div class=\"wpcf7-turnstile cf-turnstile\" data-sitekey=\"0x4AAAAAACMyM32TKUTU7EWP\" data-response-field-name=\"_wpcf7_turnstile_response\"><\/div>\n\n<p><span class=\"wpcf7-form-control-wrap\" data-name=\"email-83\"><input size=\"40\" maxlength=\"400\" class=\"wpcf7-form-control wpcf7-email wpcf7-validates-as-required wpcf7-text wpcf7-validates-as-email form-control\" aria-required=\"true\" aria-invalid=\"false\" placeholder=\"Zadajte svoju emailov\u00fa adresu\" value=\"\" type=\"email\" name=\"email-83\" \/><\/span>\n<\/p>\n<p><span> Kliknut\u00edm na tla\u010didlo \u201eStiahnu\u0165 sprievodcu\u201c s\u00fahlas\u00edte so spracovan\u00edm va\u0161ich \u00fadajov za \u00fa\u010delom prezent\u00e1cie ponuky a som si vedom\u00fd\/\u00e1 <a class=\"\" href=\"https:\/\/www.sodablastsystems.pl\/polityka-prywatnosci\/\"  target=\"_blank\">z\u00e1sad ochrany osobn\u00fdch \u00fadajov<\/a><span><br \/>\n<input class=\"wpcf7-form-control wpcf7-submit has-spinner\" type=\"submit\" value=\"&gt; Stiahnite si n\u00e1vod a cenn\u00edk\" \/><\/span><\/span>\n<\/p><div class=\"wpcf7-response-output\" aria-hidden=\"true\"><\/div>\n<\/form>\n<\/div>\n<\/div>\n","protected":false},"excerpt":{"rendered":"","protected":false},"author":3,"featured_media":0,"parent":0,"menu_order":0,"comment_status":"closed","ping_status":"closed","template":"index.php","meta":{"footnotes":""},"class_list":["post-8","page","type-page","status-publish","hentry"],"_links":{"self":[{"href":"https:\/\/sodablastsystems.sk\/index.php?rest_route=\/wp\/v2\/pages\/8","targetHints":{"allow":["GET"]}}],"collection":[{"href":"https:\/\/sodablastsystems.sk\/index.php?rest_route=\/wp\/v2\/pages"}],"about":[{"href":"https:\/\/sodablastsystems.sk\/index.php?rest_route=\/wp\/v2\/types\/page"}],"author":[{"embeddable":true,"href":"https:\/\/sodablastsystems.sk\/index.php?rest_route=\/wp\/v2\/users\/3"}],"replies":[{"embeddable":true,"href":"https:\/\/sodablastsystems.sk\/index.php?rest_route=%2Fwp%2Fv2%2Fcomments&post=8"}],"version-history":[{"count":2,"href":"https:\/\/sodablastsystems.sk\/index.php?rest_route=\/wp\/v2\/pages\/8\/revisions"}],"predecessor-version":[{"id":14,"href":"https:\/\/sodablastsystems.sk\/index.php?rest_route=\/wp\/v2\/pages\/8\/revisions\/14"}],"wp:attachment":[{"href":"https:\/\/sodablastsystems.sk\/index.php?rest_route=%2Fwp%2Fv2%2Fmedia&parent=8"}],"curies":[{"name":"wp","href":"https:\/\/api.w.org\/{rel}","templated":true}]}}